{"id":76,"date":"2023-10-03T18:25:26","date_gmt":"2023-10-03T16:25:26","guid":{"rendered":"https:\/\/www.legetoejsmarked.dk\/?page_id=76"},"modified":"2023-10-03T18:25:26","modified_gmt":"2023-10-03T16:25:26","slug":"om-os","status":"publish","type":"page","link":"https:\/\/www.legetoejsmarked.dk\/?page_id=76","title":{"rendered":"Om os"},"content":{"rendered":"\n<p><strong>Togcenter Gentofte har solgt modeltog siden 1996.<\/strong><\/p>\n\n\n\n<p>Vi er i dag en af danmarks st\u00f8rste modeltogs forretninger, drevet af dedikeret medarbejdere, der selv har modeljernbane som hobby.<\/p>\n\n\n\n<p>Derfor er vi i stand til at kunne tilbyde vores kunder:<\/p>\n\n\n\n<ul class=\"wp-block-list\">\n<li><em><\/em>Top kvalitet produkter<\/li>\n\n\n\n<li>Kendte m\u00e6rker og specialiteter<\/li>\n\n\n\n<li><em><\/em>Bedste kunde service<\/li>\n\n\n\n<li>Eget v\u00e6rksted<\/li>\n\n\n\n<li>Kurser og seminare<\/li>\n\n\n\n<li>Webshop<\/li>\n<\/ul>\n\n\n\n<p><strong>Forretningen p\u00e5 Bl\u00e5munkevej 1&nbsp; &#8211; 3, DK-2400 K\u00f8benhavn NV.<\/strong><\/p>\n\n\n\n<p>345 m2 fyldt med modeljernbane nyt og brugt, Racerbaner, Games Workshop, Dampmaskiner, V\u00e6rkt\u00f8j, Tidsskrifter og B\u00f8ger.<\/p>\n\n\n\n<h3 class=\"wp-block-heading\">Vores brugt afdeling tilbyder<\/h3>\n\n\n\n<p>Et k\u00e6mpe udvalg af brugt modeltog.<\/p>\n\n\n\n<p>Desuden har du mulighed for at s\u00e6lge dit gamle modeltog til os p\u00e5 f\u00f8lgende m\u00e5de:<\/p>\n\n\n\n<p>Kommissionssalg, du f\u00e5r 80% af gensalgsprisen.<\/p>\n\n\n\n<p>Byt-til-nyt, du f\u00e5r 65% af gensalgsprisen.<\/p>\n\n\n\n<p>Rent k\u00f8b, du f\u00e5r 50% af gensalgsprisen.<\/p>\n\n\n\n<p>Gensalgsprisen findes ud fra kundens \u00f8nske, vores vurdering af stand og salgbarhed baseret p\u00e5 mere end 35 \u00e5rs erfaring.<\/p>\n\n\n\n<h2 class=\"wp-block-heading\">Fortroligheds Note<\/h2>\n\n\n\n<p><strong>Cookies<\/strong><br><br>En cookie er en betegnelse for det forhold, at en brugers adf\u00e6rd p\u00e5 et netv\u00e6rk registreres hos brugeren selv (p\u00e5 brugerens harddisk). P\u00e5 den m\u00e5de ved serveren (fx. et websted) ved brugerens n\u00e6ste bes\u00f8g, hvem brugeren er. Der lagres ikke person henf\u00f8r bare oplysninger i en cookie, men snarere oplysninger om brugerens adf\u00e6rd p\u00e5 et website fx. et indtastet brugernavn i forbindelse med login til en s\u00e6rlig sektion p\u00e5 webstedet. En cookie lagres p\u00e5 brugerens harddisk sammen med cachede filer. En cookie er s\u00e5ledes en tekstfil, der sendes til din browser fra en webserver og lagres p\u00e5 din computers harddisk. Du kan s\u00e6tte din browser til at informere dig, n\u00e5r du modtager en cookie, eller du kan v\u00e6lge at sl\u00e5 cookies helt fra.<br><br>P\u00e5 modeltog.nu anvendes cookies med det form\u00e5l at optimere websitet og dets funktioner. Cookies bruges til:<br>\u2022 at skabe \u00f8get brugervenlighed<br>\u2022 at huske hvilke produkter der opbevares i indk\u00f8bskurven, n\u00e5r du handler p\u00e5 websitet.<br><br>De dannede cookies slettes p\u00e5 f\u00f8lgende m\u00e5de:<br>\u2022 Gennem din browser kan ogs\u00e5 tidligere gemte cookies<br>slettes. Se browserens hj\u00e6lpesider for mere information.<br><br>Log-statistik bruges p\u00e5 togcenter.dk og betyder, at et statistik-system opsamler information, som kan give et statistisk billede af, hvor mange bes\u00f8gende et website har haft, hvor de kommer fra, p\u00e5 hvilken del af websitet dette forlades mm.<br><br>P\u00e5 togcenter.dk anvendes log-statistik med det form\u00e5l at optimere websitet og dets funktioner. Log-statistik bruges til:<br>\u2022 personalisering af markedsf\u00f8ringen mod brugeren<br>\u2022 at skabe \u00f8get brugervenlighed<br><br>For at du kan indg\u00e5 en aftale med os via websitet skal du lade dig registrere med f\u00f8lgende personlige oplysninger:<br>\u2022 navn<br>\u2022 adresse<br>\u2022 telefonnummer<br>\u2022 E-mail-adresse<br><br>Personoplysningerne registreres hos Togcenter Gentofte og opbevares i 5 \u00e5r, hvorefter oplysningerne slettes.<br><br>Vi foretager registreringen af dine personoplysninger med det form\u00e5l at kunne levere varen til dig. N\u00e5r der indsamles personoplysninger via vores website, sikrer vi, at det altid sker ved afgivelse af dit udtrykkelige samtykke, s\u00e5ledes at du er informeret om pr\u00e6cis, hvilke oplysninger der indsamles og hvorfor.<br><br>Alle ansatte i virksomheden har adgang til de oplysninger, der registreres om dig.<br><br>Vi opbevarer og transmitterer ikke kundeoplysninger krypteret, men alt er beskyttet af Firewall m.m. Oplysningerne videregives ikke til tredjemand og der registreres ingen personf\u00f8lsomme oplysninger samtidig er Togcenter Gentofte dataansvarlig.<br><br>Som registreret hos Togcenter Gentofte har du altid ret til at g\u00f8re indsigelse mod registreringen og du har ret til indsigt i hvilke oplysninger, der er registreret om dig. Disse rettigheder har du efter persondataloven og henvendelse i forbindelse hermed rettes til Togcenter Gentofte via E-mail: togcenter@togcenter.dk<br><br><strong>E-markedsf\u00f8ring<\/strong><br><br>Du kan v\u00e6lge at modtage vores nyhedsbrev (E-mail-reklame). Nyhedsbrevet indeholder information om virksomheden og dens produkter, relevante tilbud mm. Nyhedsbrevet modtager du kun, n\u00e5r du har sagt udtrykkeligt &#8220;ja tak&#8221; hertil.<br><br>Hvis ikke du l\u00e6ngere \u00f8nsker at modtage nyhedsbrevet kan du blot sende en E-mail til: togcenter@togcenter.dk<br><br>P\u00e5 websitet har vi en tip-en-ven funktion. Denne bruges til, at du kan sende en E-mail til din ven og g\u00f8re ham eller hende opm\u00e6rksom p\u00e5 togcenter.dk<\/p>\n\n\n\n<p>Denne tip-en-ven funktion indeholder ikke markedsf\u00f8ringsmateriale.<\/p>\n","protected":false},"excerpt":{"rendered":"<p>Togcenter Gentofte har solgt modeltog siden 1996. Vi er i dag en af danmarks st\u00f8rste modeltogs forretninger, drevet af dedikeret medarbejdere, der selv har modeljernbane som hobby. Derfor er vi i stand til at kunne &hellip;<\/p>\n","protected":false},"author":1,"featured_media":0,"parent":0,"menu_order":0,"comment_status":"closed","ping_status":"closed","template":"","meta":{"footnotes":""},"class_list":["post-76","page","type-page","status-publish","hentry"],"yoast_head":"<!-- This site is optimized with the Yoast SEO plugin v27.6 - https:\/\/yoast.com\/product\/yoast-seo-wordpress\/ -->\n<title>Om os - Leget\u00f8jsmarked<\/title>\n<meta name=\"robots\" content=\"index, follow, max-snippet:-1, max-image-preview:large, max-video-preview:-1\" \/>\n<link rel=\"canonical\" href=\"https:\/\/www.legetoejsmarked.dk\/?page_id=76\" \/>\n<meta property=\"og:locale\" content=\"da_DK\" \/>\n<meta property=\"og:type\" content=\"article\" \/>\n<meta property=\"og:title\" content=\"Om os - Leget\u00f8jsmarked\" \/>\n<meta property=\"og:description\" content=\"Togcenter Gentofte har solgt modeltog siden 1996. Vi er i dag en af danmarks st\u00f8rste modeltogs forretninger, drevet af dedikeret medarbejdere, der selv har modeljernbane som hobby. Derfor er vi i stand til at kunne &hellip;\" \/>\n<meta property=\"og:url\" content=\"https:\/\/www.legetoejsmarked.dk\/?page_id=76\" \/>\n<meta property=\"og:site_name\" content=\"Leget\u00f8jsmarked\" \/>\n<meta property=\"article:publisher\" content=\"https:\/\/www.facebook.com\/legetoejsmarked\" \/>\n<meta name=\"twitter:card\" content=\"summary_large_image\" \/>\n<meta name=\"twitter:label1\" content=\"Estimeret l\u00e6setid\" \/>\n\t<meta name=\"twitter:data1\" content=\"3 minutter\" \/>\n<script type=\"application\/ld+json\" class=\"yoast-schema-graph\">{\"@context\":\"https:\\\/\\\/schema.org\",\"@graph\":[{\"@type\":\"WebPage\",\"@id\":\"https:\\\/\\\/www.legetoejsmarked.dk\\\/?page_id=76\",\"url\":\"https:\\\/\\\/www.legetoejsmarked.dk\\\/?page_id=76\",\"name\":\"Om os - Leget\u00f8jsmarked\",\"isPartOf\":{\"@id\":\"https:\\\/\\\/www.legetoejsmarked.dk\\\/#website\"},\"datePublished\":\"2023-10-03T16:25:26+00:00\",\"breadcrumb\":{\"@id\":\"https:\\\/\\\/www.legetoejsmarked.dk\\\/?page_id=76#breadcrumb\"},\"inLanguage\":\"da-DK\",\"potentialAction\":[{\"@type\":\"ReadAction\",\"target\":[\"https:\\\/\\\/www.legetoejsmarked.dk\\\/?page_id=76\"]}]},{\"@type\":\"BreadcrumbList\",\"@id\":\"https:\\\/\\\/www.legetoejsmarked.dk\\\/?page_id=76#breadcrumb\",\"itemListElement\":[{\"@type\":\"ListItem\",\"position\":1,\"name\":\"Hjem\",\"item\":\"https:\\\/\\\/www.legetoejsmarked.dk\\\/\"},{\"@type\":\"ListItem\",\"position\":2,\"name\":\"Om os\"}]},{\"@type\":\"WebSite\",\"@id\":\"https:\\\/\\\/www.legetoejsmarked.dk\\\/#website\",\"url\":\"https:\\\/\\\/www.legetoejsmarked.dk\\\/\",\"name\":\"Leget\u00f8jsmarked\",\"description\":\"Vintage leget\u00f8j LEGO M\u00e4rklin Tekno\",\"publisher\":{\"@id\":\"https:\\\/\\\/www.legetoejsmarked.dk\\\/#organization\"},\"potentialAction\":[{\"@type\":\"SearchAction\",\"target\":{\"@type\":\"EntryPoint\",\"urlTemplate\":\"https:\\\/\\\/www.legetoejsmarked.dk\\\/?s={search_term_string}\"},\"query-input\":{\"@type\":\"PropertyValueSpecification\",\"valueRequired\":true,\"valueName\":\"search_term_string\"}}],\"inLanguage\":\"da-DK\"},{\"@type\":\"Organization\",\"@id\":\"https:\\\/\\\/www.legetoejsmarked.dk\\\/#organization\",\"name\":\"Leget\u00f8jsmarked\",\"url\":\"https:\\\/\\\/www.legetoejsmarked.dk\\\/\",\"logo\":{\"@type\":\"ImageObject\",\"inLanguage\":\"da-DK\",\"@id\":\"https:\\\/\\\/www.legetoejsmarked.dk\\\/#\\\/schema\\\/logo\\\/image\\\/\",\"url\":\"https:\\\/\\\/www.legetoejsmarked.dk\\\/wp-content\\\/uploads\\\/2023\\\/10\\\/Flohmarkt.jpg\",\"contentUrl\":\"https:\\\/\\\/www.legetoejsmarked.dk\\\/wp-content\\\/uploads\\\/2023\\\/10\\\/Flohmarkt.jpg\",\"width\":420,\"height\":206,\"caption\":\"Leget\u00f8jsmarked\"},\"image\":{\"@id\":\"https:\\\/\\\/www.legetoejsmarked.dk\\\/#\\\/schema\\\/logo\\\/image\\\/\"},\"sameAs\":[\"https:\\\/\\\/www.facebook.com\\\/legetoejsmarked\"]}]}<\/script>\n<!-- \/ Yoast SEO plugin. -->","yoast_head_json":{"title":"Om os - Leget\u00f8jsmarked","robots":{"index":"index","follow":"follow","max-snippet":"max-snippet:-1","max-image-preview":"max-image-preview:large","max-video-preview":"max-video-preview:-1"},"canonical":"https:\/\/www.legetoejsmarked.dk\/?page_id=76","og_locale":"da_DK","og_type":"article","og_title":"Om os - Leget\u00f8jsmarked","og_description":"Togcenter Gentofte har solgt modeltog siden 1996. Vi er i dag en af danmarks st\u00f8rste modeltogs forretninger, drevet af dedikeret medarbejdere, der selv har modeljernbane som hobby. Derfor er vi i stand til at kunne &hellip;","og_url":"https:\/\/www.legetoejsmarked.dk\/?page_id=76","og_site_name":"Leget\u00f8jsmarked","article_publisher":"https:\/\/www.facebook.com\/legetoejsmarked","twitter_card":"summary_large_image","twitter_misc":{"Estimeret l\u00e6setid":"3 minutter"},"schema":{"@context":"https:\/\/schema.org","@graph":[{"@type":"WebPage","@id":"https:\/\/www.legetoejsmarked.dk\/?page_id=76","url":"https:\/\/www.legetoejsmarked.dk\/?page_id=76","name":"Om os - Leget\u00f8jsmarked","isPartOf":{"@id":"https:\/\/www.legetoejsmarked.dk\/#website"},"datePublished":"2023-10-03T16:25:26+00:00","breadcrumb":{"@id":"https:\/\/www.legetoejsmarked.dk\/?page_id=76#breadcrumb"},"inLanguage":"da-DK","potentialAction":[{"@type":"ReadAction","target":["https:\/\/www.legetoejsmarked.dk\/?page_id=76"]}]},{"@type":"BreadcrumbList","@id":"https:\/\/www.legetoejsmarked.dk\/?page_id=76#breadcrumb","itemListElement":[{"@type":"ListItem","position":1,"name":"Hjem","item":"https:\/\/www.legetoejsmarked.dk\/"},{"@type":"ListItem","position":2,"name":"Om os"}]},{"@type":"WebSite","@id":"https:\/\/www.legetoejsmarked.dk\/#website","url":"https:\/\/www.legetoejsmarked.dk\/","name":"Leget\u00f8jsmarked","description":"Vintage leget\u00f8j LEGO M\u00e4rklin Tekno","publisher":{"@id":"https:\/\/www.legetoejsmarked.dk\/#organization"},"potentialAction":[{"@type":"SearchAction","target":{"@type":"EntryPoint","urlTemplate":"https:\/\/www.legetoejsmarked.dk\/?s={search_term_string}"},"query-input":{"@type":"PropertyValueSpecification","valueRequired":true,"valueName":"search_term_string"}}],"inLanguage":"da-DK"},{"@type":"Organization","@id":"https:\/\/www.legetoejsmarked.dk\/#organization","name":"Leget\u00f8jsmarked","url":"https:\/\/www.legetoejsmarked.dk\/","logo":{"@type":"ImageObject","inLanguage":"da-DK","@id":"https:\/\/www.legetoejsmarked.dk\/#\/schema\/logo\/image\/","url":"https:\/\/www.legetoejsmarked.dk\/wp-content\/uploads\/2023\/10\/Flohmarkt.jpg","contentUrl":"https:\/\/www.legetoejsmarked.dk\/wp-content\/uploads\/2023\/10\/Flohmarkt.jpg","width":420,"height":206,"caption":"Leget\u00f8jsmarked"},"image":{"@id":"https:\/\/www.legetoejsmarked.dk\/#\/schema\/logo\/image\/"},"sameAs":["https:\/\/www.facebook.com\/legetoejsmarked"]}]}},"_links":{"self":[{"href":"https:\/\/www.legetoejsmarked.dk\/index.php?rest_route=\/wp\/v2\/pages\/76","targetHints":{"allow":["GET"]}}],"collection":[{"href":"https:\/\/www.legetoejsmarked.dk\/index.php?rest_route=\/wp\/v2\/pages"}],"about":[{"href":"https:\/\/www.legetoejsmarked.dk\/index.php?rest_route=\/wp\/v2\/types\/page"}],"author":[{"embeddable":true,"href":"https:\/\/www.legetoejsmarked.dk\/index.php?rest_route=\/wp\/v2\/users\/1"}],"replies":[{"embeddable":true,"href":"https:\/\/www.legetoejsmarked.dk\/index.php?rest_route=%2Fwp%2Fv2%2Fcomments&post=76"}],"version-history":[{"count":1,"href":"https:\/\/www.legetoejsmarked.dk\/index.php?rest_route=\/wp\/v2\/pages\/76\/revisions"}],"predecessor-version":[{"id":77,"href":"https:\/\/www.legetoejsmarked.dk\/index.php?rest_route=\/wp\/v2\/pages\/76\/revisions\/77"}],"wp:attachment":[{"href":"https:\/\/www.legetoejsmarked.dk\/index.php?rest_route=%2Fwp%2Fv2%2Fmedia&parent=76"}],"curies":[{"name":"wp","href":"https:\/\/api.w.org\/{rel}","templated":true}]}}