{"id":15,"date":"2023-10-03T12:15:03","date_gmt":"2023-10-03T12:15:03","guid":{"rendered":"https:\/\/www.legetoejsmarked.dk\/?page_id=15"},"modified":"2023-10-03T15:41:40","modified_gmt":"2023-10-03T15:41:40","slug":"bord-tilmelding","status":"publish","type":"page","link":"https:\/\/www.legetoejsmarked.dk\/?page_id=15","title":{"rendered":"Bord tilmelding"},"content":{"rendered":"\n<figure class=\"wp-block-image size-full\"><img loading=\"lazy\" decoding=\"async\" width=\"420\" height=\"206\" src=\"https:\/\/www.legetoejsmarked.dk\/wp-content\/uploads\/2023\/10\/Flohmarkt.jpg\" alt=\"\" class=\"wp-image-42\" srcset=\"https:\/\/www.legetoejsmarked.dk\/wp-content\/uploads\/2023\/10\/Flohmarkt.jpg 420w, https:\/\/www.legetoejsmarked.dk\/wp-content\/uploads\/2023\/10\/Flohmarkt-300x147.jpg 300w\" sizes=\"auto, (max-width: 420px) 100vw, 420px\" \/><\/figure>\n\n\n\n<p>Bord st\u00f8rrelsen er 185 * 85 cm med tilh\u00f8rende 2 stole.<\/p>\n\n\n\n<p>Dette giver adgang til en selv, samt en medhj\u00e6lper, ved bestilling af flere borde, kan der medbringes en medhj\u00e6lper pr. bord.<\/p>\n\n\n\n<p>Opstilling starter kl: 09:00 og nedtagning afsluttes senest kl: 16:00<\/p>\n\n\n\n<p>Prisen pr. bord er kr. 500,- \/ incl. moms<\/p>\n\n\n\n<p>Bordbestilling kan foreg\u00e5 p\u00e5 f\u00f8lgende m\u00e5der:<\/p>\n\n\n\n<p>Bestilling i Togcenter Gentoftes webshop, link her: https:\/\/www.togcenter.dk\/webshop\/da\/53-kurser<\/p>\n\n\n\n<p>Sende en mail til marked@togcenter.dk<\/p>\n\n\n\n<p>eller ringe til Togcenter Gentofte p\u00e5 telefon +45 3965 1361<\/p>\n","protected":false},"excerpt":{"rendered":"<p>Bord st\u00f8rrelsen er 185 * 85 cm med tilh\u00f8rende 2 stole. Dette giver adgang til en selv, samt en medhj\u00e6lper, ved bestilling af flere borde, kan der medbringes en medhj\u00e6lper pr. bord. Opstilling starter kl: &hellip;<\/p>\n","protected":false},"author":1,"featured_media":42,"parent":0,"menu_order":0,"comment_status":"closed","ping_status":"closed","template":"","meta":{"footnotes":""},"class_list":["post-15","page","type-page","status-publish","has-post-thumbnail","hentry"],"yoast_head":"<!-- This site is optimized with the Yoast SEO plugin v27.6 - https:\/\/yoast.com\/product\/yoast-seo-wordpress\/ -->\n<title>Bord tilmelding - Leget\u00f8jsmarked<\/title>\n<meta name=\"robots\" content=\"index, follow, max-snippet:-1, max-image-preview:large, max-video-preview:-1\" \/>\n<link rel=\"canonical\" href=\"https:\/\/www.legetoejsmarked.dk\/?page_id=15\" \/>\n<meta property=\"og:locale\" content=\"da_DK\" \/>\n<meta property=\"og:type\" content=\"article\" \/>\n<meta property=\"og:title\" content=\"Bord tilmelding - Leget\u00f8jsmarked\" \/>\n<meta property=\"og:description\" content=\"Bord st\u00f8rrelsen er 185 * 85 cm med tilh\u00f8rende 2 stole. Dette giver adgang til en selv, samt en medhj\u00e6lper, ved bestilling af flere borde, kan der medbringes en medhj\u00e6lper pr. bord. Opstilling starter kl: &hellip;\" \/>\n<meta property=\"og:url\" content=\"https:\/\/www.legetoejsmarked.dk\/?page_id=15\" \/>\n<meta property=\"og:site_name\" content=\"Leget\u00f8jsmarked\" \/>\n<meta property=\"article:publisher\" content=\"https:\/\/www.facebook.com\/legetoejsmarked\" \/>\n<meta property=\"article:modified_time\" content=\"2023-10-03T15:41:40+00:00\" \/>\n<meta property=\"og:image\" content=\"https:\/\/www.legetoejsmarked.dk\/wp-content\/uploads\/2023\/10\/Flohmarkt.jpg\" \/>\n\t<meta property=\"og:image:width\" content=\"420\" \/>\n\t<meta property=\"og:image:height\" content=\"206\" \/>\n\t<meta property=\"og:image:type\" content=\"image\/jpeg\" \/>\n<meta name=\"twitter:card\" content=\"summary_large_image\" \/>\n<script type=\"application\/ld+json\" class=\"yoast-schema-graph\">{\"@context\":\"https:\\\/\\\/schema.org\",\"@graph\":[{\"@type\":\"WebPage\",\"@id\":\"https:\\\/\\\/www.legetoejsmarked.dk\\\/?page_id=15\",\"url\":\"https:\\\/\\\/www.legetoejsmarked.dk\\\/?page_id=15\",\"name\":\"Bord tilmelding - Leget\u00f8jsmarked\",\"isPartOf\":{\"@id\":\"https:\\\/\\\/www.legetoejsmarked.dk\\\/#website\"},\"primaryImageOfPage\":{\"@id\":\"https:\\\/\\\/www.legetoejsmarked.dk\\\/?page_id=15#primaryimage\"},\"image\":{\"@id\":\"https:\\\/\\\/www.legetoejsmarked.dk\\\/?page_id=15#primaryimage\"},\"thumbnailUrl\":\"https:\\\/\\\/www.legetoejsmarked.dk\\\/wp-content\\\/uploads\\\/2023\\\/10\\\/Flohmarkt.jpg\",\"datePublished\":\"2023-10-03T12:15:03+00:00\",\"dateModified\":\"2023-10-03T15:41:40+00:00\",\"breadcrumb\":{\"@id\":\"https:\\\/\\\/www.legetoejsmarked.dk\\\/?page_id=15#breadcrumb\"},\"inLanguage\":\"da-DK\",\"potentialAction\":[{\"@type\":\"ReadAction\",\"target\":[\"https:\\\/\\\/www.legetoejsmarked.dk\\\/?page_id=15\"]}]},{\"@type\":\"ImageObject\",\"inLanguage\":\"da-DK\",\"@id\":\"https:\\\/\\\/www.legetoejsmarked.dk\\\/?page_id=15#primaryimage\",\"url\":\"https:\\\/\\\/www.legetoejsmarked.dk\\\/wp-content\\\/uploads\\\/2023\\\/10\\\/Flohmarkt.jpg\",\"contentUrl\":\"https:\\\/\\\/www.legetoejsmarked.dk\\\/wp-content\\\/uploads\\\/2023\\\/10\\\/Flohmarkt.jpg\",\"width\":420,\"height\":206},{\"@type\":\"BreadcrumbList\",\"@id\":\"https:\\\/\\\/www.legetoejsmarked.dk\\\/?page_id=15#breadcrumb\",\"itemListElement\":[{\"@type\":\"ListItem\",\"position\":1,\"name\":\"Hjem\",\"item\":\"https:\\\/\\\/www.legetoejsmarked.dk\\\/\"},{\"@type\":\"ListItem\",\"position\":2,\"name\":\"Bord tilmelding\"}]},{\"@type\":\"WebSite\",\"@id\":\"https:\\\/\\\/www.legetoejsmarked.dk\\\/#website\",\"url\":\"https:\\\/\\\/www.legetoejsmarked.dk\\\/\",\"name\":\"Leget\u00f8jsmarked\",\"description\":\"Vintage leget\u00f8j LEGO M\u00e4rklin Tekno\",\"publisher\":{\"@id\":\"https:\\\/\\\/www.legetoejsmarked.dk\\\/#organization\"},\"potentialAction\":[{\"@type\":\"SearchAction\",\"target\":{\"@type\":\"EntryPoint\",\"urlTemplate\":\"https:\\\/\\\/www.legetoejsmarked.dk\\\/?s={search_term_string}\"},\"query-input\":{\"@type\":\"PropertyValueSpecification\",\"valueRequired\":true,\"valueName\":\"search_term_string\"}}],\"inLanguage\":\"da-DK\"},{\"@type\":\"Organization\",\"@id\":\"https:\\\/\\\/www.legetoejsmarked.dk\\\/#organization\",\"name\":\"Leget\u00f8jsmarked\",\"url\":\"https:\\\/\\\/www.legetoejsmarked.dk\\\/\",\"logo\":{\"@type\":\"ImageObject\",\"inLanguage\":\"da-DK\",\"@id\":\"https:\\\/\\\/www.legetoejsmarked.dk\\\/#\\\/schema\\\/logo\\\/image\\\/\",\"url\":\"https:\\\/\\\/www.legetoejsmarked.dk\\\/wp-content\\\/uploads\\\/2023\\\/10\\\/Flohmarkt.jpg\",\"contentUrl\":\"https:\\\/\\\/www.legetoejsmarked.dk\\\/wp-content\\\/uploads\\\/2023\\\/10\\\/Flohmarkt.jpg\",\"width\":420,\"height\":206,\"caption\":\"Leget\u00f8jsmarked\"},\"image\":{\"@id\":\"https:\\\/\\\/www.legetoejsmarked.dk\\\/#\\\/schema\\\/logo\\\/image\\\/\"},\"sameAs\":[\"https:\\\/\\\/www.facebook.com\\\/legetoejsmarked\"]}]}<\/script>\n<!-- \/ Yoast SEO plugin. -->","yoast_head_json":{"title":"Bord tilmelding - Leget\u00f8jsmarked","robots":{"index":"index","follow":"follow","max-snippet":"max-snippet:-1","max-image-preview":"max-image-preview:large","max-video-preview":"max-video-preview:-1"},"canonical":"https:\/\/www.legetoejsmarked.dk\/?page_id=15","og_locale":"da_DK","og_type":"article","og_title":"Bord tilmelding - Leget\u00f8jsmarked","og_description":"Bord st\u00f8rrelsen er 185 * 85 cm med tilh\u00f8rende 2 stole. Dette giver adgang til en selv, samt en medhj\u00e6lper, ved bestilling af flere borde, kan der medbringes en medhj\u00e6lper pr. bord. Opstilling starter kl: &hellip;","og_url":"https:\/\/www.legetoejsmarked.dk\/?page_id=15","og_site_name":"Leget\u00f8jsmarked","article_publisher":"https:\/\/www.facebook.com\/legetoejsmarked","article_modified_time":"2023-10-03T15:41:40+00:00","og_image":[{"width":420,"height":206,"url":"https:\/\/www.legetoejsmarked.dk\/wp-content\/uploads\/2023\/10\/Flohmarkt.jpg","type":"image\/jpeg"}],"twitter_card":"summary_large_image","schema":{"@context":"https:\/\/schema.org","@graph":[{"@type":"WebPage","@id":"https:\/\/www.legetoejsmarked.dk\/?page_id=15","url":"https:\/\/www.legetoejsmarked.dk\/?page_id=15","name":"Bord tilmelding - Leget\u00f8jsmarked","isPartOf":{"@id":"https:\/\/www.legetoejsmarked.dk\/#website"},"primaryImageOfPage":{"@id":"https:\/\/www.legetoejsmarked.dk\/?page_id=15#primaryimage"},"image":{"@id":"https:\/\/www.legetoejsmarked.dk\/?page_id=15#primaryimage"},"thumbnailUrl":"https:\/\/www.legetoejsmarked.dk\/wp-content\/uploads\/2023\/10\/Flohmarkt.jpg","datePublished":"2023-10-03T12:15:03+00:00","dateModified":"2023-10-03T15:41:40+00:00","breadcrumb":{"@id":"https:\/\/www.legetoejsmarked.dk\/?page_id=15#breadcrumb"},"inLanguage":"da-DK","potentialAction":[{"@type":"ReadAction","target":["https:\/\/www.legetoejsmarked.dk\/?page_id=15"]}]},{"@type":"ImageObject","inLanguage":"da-DK","@id":"https:\/\/www.legetoejsmarked.dk\/?page_id=15#primaryimage","url":"https:\/\/www.legetoejsmarked.dk\/wp-content\/uploads\/2023\/10\/Flohmarkt.jpg","contentUrl":"https:\/\/www.legetoejsmarked.dk\/wp-content\/uploads\/2023\/10\/Flohmarkt.jpg","width":420,"height":206},{"@type":"BreadcrumbList","@id":"https:\/\/www.legetoejsmarked.dk\/?page_id=15#breadcrumb","itemListElement":[{"@type":"ListItem","position":1,"name":"Hjem","item":"https:\/\/www.legetoejsmarked.dk\/"},{"@type":"ListItem","position":2,"name":"Bord tilmelding"}]},{"@type":"WebSite","@id":"https:\/\/www.legetoejsmarked.dk\/#website","url":"https:\/\/www.legetoejsmarked.dk\/","name":"Leget\u00f8jsmarked","description":"Vintage leget\u00f8j LEGO M\u00e4rklin Tekno","publisher":{"@id":"https:\/\/www.legetoejsmarked.dk\/#organization"},"potentialAction":[{"@type":"SearchAction","target":{"@type":"EntryPoint","urlTemplate":"https:\/\/www.legetoejsmarked.dk\/?s={search_term_string}"},"query-input":{"@type":"PropertyValueSpecification","valueRequired":true,"valueName":"search_term_string"}}],"inLanguage":"da-DK"},{"@type":"Organization","@id":"https:\/\/www.legetoejsmarked.dk\/#organization","name":"Leget\u00f8jsmarked","url":"https:\/\/www.legetoejsmarked.dk\/","logo":{"@type":"ImageObject","inLanguage":"da-DK","@id":"https:\/\/www.legetoejsmarked.dk\/#\/schema\/logo\/image\/","url":"https:\/\/www.legetoejsmarked.dk\/wp-content\/uploads\/2023\/10\/Flohmarkt.jpg","contentUrl":"https:\/\/www.legetoejsmarked.dk\/wp-content\/uploads\/2023\/10\/Flohmarkt.jpg","width":420,"height":206,"caption":"Leget\u00f8jsmarked"},"image":{"@id":"https:\/\/www.legetoejsmarked.dk\/#\/schema\/logo\/image\/"},"sameAs":["https:\/\/www.facebook.com\/legetoejsmarked"]}]}},"_links":{"self":[{"href":"https:\/\/www.legetoejsmarked.dk\/index.php?rest_route=\/wp\/v2\/pages\/15","targetHints":{"allow":["GET"]}}],"collection":[{"href":"https:\/\/www.legetoejsmarked.dk\/index.php?rest_route=\/wp\/v2\/pages"}],"about":[{"href":"https:\/\/www.legetoejsmarked.dk\/index.php?rest_route=\/wp\/v2\/types\/page"}],"author":[{"embeddable":true,"href":"https:\/\/www.legetoejsmarked.dk\/index.php?rest_route=\/wp\/v2\/users\/1"}],"replies":[{"embeddable":true,"href":"https:\/\/www.legetoejsmarked.dk\/index.php?rest_route=%2Fwp%2Fv2%2Fcomments&post=15"}],"version-history":[{"count":3,"href":"https:\/\/www.legetoejsmarked.dk\/index.php?rest_route=\/wp\/v2\/pages\/15\/revisions"}],"predecessor-version":[{"id":75,"href":"https:\/\/www.legetoejsmarked.dk\/index.php?rest_route=\/wp\/v2\/pages\/15\/revisions\/75"}],"wp:featuredmedia":[{"embeddable":true,"href":"https:\/\/www.legetoejsmarked.dk\/index.php?rest_route=\/wp\/v2\/media\/42"}],"wp:attachment":[{"href":"https:\/\/www.legetoejsmarked.dk\/index.php?rest_route=%2Fwp%2Fv2%2Fmedia&parent=15"}],"curies":[{"name":"wp","href":"https:\/\/api.w.org\/{rel}","templated":true}]}}